{"id":518,"date":"2023-11-10T23:04:22","date_gmt":"2023-11-10T23:04:22","guid":{"rendered":"https:\/\/agresteemfoco.com.br\/v1\/?page_id=518"},"modified":"2023-11-10T23:04:22","modified_gmt":"2023-11-10T23:04:22","slug":"agreste-em-foco-mais-de-um-ano-de-informacao-regional-com-essencia-local","status":"publish","type":"page","link":"https:\/\/agresteemfoco.com.br\/v1\/agreste-em-foco-mais-de-um-ano-de-informacao-regional-com-essencia-local\/","title":{"rendered":"Agreste em Foco: Mais de um Ano de Informa\u00e7\u00e3o Regional com Ess\u00eancia Local"},"content":{"rendered":"<p>O <a href=\"https:\/\/agresteemfoco.com.br\/\" target=\"_blank\" rel=\"noopener\"><strong>Agreste em Foco<\/strong><\/a> \u00e9 mais que um blog de not\u00edcias, \u00e9 uma voz aut\u00eantica do Agreste, enraizada na ess\u00eancia da nossa comunidade. Com mais de um ano no ar, temos o compromisso de manter o Agreste Meridional de Pernambuco informado, abordando temas de interesse regional de forma acess\u00edvel e pr\u00f3xima.<\/p>\n<p><strong>Nossa Miss\u00e3o:<\/strong><\/p>\n<ul>\n<li>Levar informa\u00e7\u00f5es relevantes e atualizadas sobre o Agreste.<\/li>\n<li>Representar a linguagem e os valores da nossa comunidade.<\/li>\n<li>Fomentar o senso de pertencimento e orgulho regional.<\/li>\n<\/ul>\n<p><strong>O que nos Torna \u00danicos:<\/strong><\/p>\n<ul>\n<li>Proximidade: Somos parte integrante da comunidade que servimos.<\/li>\n<li>Autenticidade: Nossa linguagem reflete a identidade e viv\u00eancias locais.<\/li>\n<li>Compromisso: Buscamos a verdade e a relev\u00e2ncia em cada not\u00edcia que compartilhamos.<\/li>\n<\/ul>\n<p><strong>Junte-se a N\u00f3s nesta Jornada!<\/strong> Fique conectado com o <a href=\"https:\/\/agresteemfoco.com.br\/\" target=\"_blank\" rel=\"noopener\"><strong>Agreste em Foco<\/strong><\/a> para continuar a explorar, entender e celebrar as nuances e conquistas do nosso amado Agreste.<\/p>\n","protected":false},"excerpt":{"rendered":"<p>O Agreste em Foco \u00e9 mais que um blog de not\u00edcias, \u00e9 uma voz aut\u00eantica do Agreste, enraizada na ess\u00eancia da nossa comunidade. Com mais de um ano no ar, temos o compromisso de manter o Agreste Meridional de Pernambuco informado, abordando temas de interesse regional de forma acess\u00edvel e pr\u00f3xima. Nossa Miss\u00e3o: Levar informa\u00e7\u00f5es [&hellip;]<\/p>\n","protected":false},"author":3,"featured_media":254,"parent":0,"menu_order":0,"comment_status":"closed","ping_status":"closed","template":"","meta":{"footnotes":""},"class_list":["post-518","page","type-page","status-publish","has-post-thumbnail","hentry"],"yoast_head":"<!-- This site is optimized with the Yoast SEO plugin v27.4 - https:\/\/yoast.com\/product\/yoast-seo-wordpress\/ -->\n<title>Agreste em Foco: Informa\u00e7\u00e3o Regional com Ess\u00eancia Local<\/title>\n<meta name=\"description\" content=\"O Agreste em Foco \u00e9 mais que um blog de not\u00edcias, \u00e9 uma voz aut\u00eantica do Agreste, enraizada na ess\u00eancia da nossa comunidade.\" \/>\n<meta name=\"robots\" content=\"index, follow, max-snippet:-1, max-image-preview:large, max-video-preview:-1\" \/>\n<link rel=\"canonical\" href=\"https:\/\/agresteemfoco.com.br\/v1\/agreste-em-foco-mais-de-um-ano-de-informacao-regional-com-essencia-local\/\" \/>\n<meta property=\"og:locale\" content=\"pt_BR\" \/>\n<meta property=\"og:type\" content=\"article\" \/>\n<meta property=\"og:title\" content=\"Agreste em Foco: Informa\u00e7\u00e3o Regional com Ess\u00eancia Local\" \/>\n<meta property=\"og:description\" content=\"O Agreste em Foco \u00e9 mais que um blog de not\u00edcias, \u00e9 uma voz aut\u00eantica do Agreste, enraizada na ess\u00eancia da nossa comunidade.\" \/>\n<meta property=\"og:url\" content=\"https:\/\/agresteemfoco.com.br\/v1\/agreste-em-foco-mais-de-um-ano-de-informacao-regional-com-essencia-local\/\" \/>\n<meta property=\"og:site_name\" content=\"Agreste em Foco\" \/>\n<meta property=\"article:publisher\" content=\"https:\/\/www.facebook.com\/agresteemfoco1\" \/>\n<meta property=\"og:image\" content=\"https:\/\/agresteemfoco.com.br\/v1\/wp-content\/uploads\/2023\/10\/logo-2.png\" \/>\n\t<meta property=\"og:image:width\" content=\"1423\" \/>\n\t<meta property=\"og:image:height\" content=\"706\" \/>\n\t<meta property=\"og:image:type\" content=\"image\/png\" \/>\n<meta name=\"twitter:card\" content=\"summary_large_image\" \/>\n<meta name=\"twitter:label1\" content=\"Est. tempo de leitura\" \/>\n\t<meta name=\"twitter:data1\" content=\"1 minuto\" \/>\n<script type=\"application\/ld+json\" class=\"yoast-schema-graph\">{\"@context\":\"https:\\\/\\\/schema.org\",\"@graph\":[{\"@type\":\"WebPage\",\"@id\":\"https:\\\/\\\/agresteemfoco.com.br\\\/v1\\\/agreste-em-foco-mais-de-um-ano-de-informacao-regional-com-essencia-local\\\/\",\"url\":\"https:\\\/\\\/agresteemfoco.com.br\\\/v1\\\/agreste-em-foco-mais-de-um-ano-de-informacao-regional-com-essencia-local\\\/\",\"name\":\"Agreste em Foco: Informa\u00e7\u00e3o Regional com Ess\u00eancia Local\",\"isPartOf\":{\"@id\":\"https:\\\/\\\/agresteemfoco.com.br\\\/v1\\\/#website\"},\"primaryImageOfPage\":{\"@id\":\"https:\\\/\\\/agresteemfoco.com.br\\\/v1\\\/agreste-em-foco-mais-de-um-ano-de-informacao-regional-com-essencia-local\\\/#primaryimage\"},\"image\":{\"@id\":\"https:\\\/\\\/agresteemfoco.com.br\\\/v1\\\/agreste-em-foco-mais-de-um-ano-de-informacao-regional-com-essencia-local\\\/#primaryimage\"},\"thumbnailUrl\":\"https:\\\/\\\/agresteemfoco.com.br\\\/v1\\\/wp-content\\\/uploads\\\/2023\\\/10\\\/logo-2.png\",\"datePublished\":\"2023-11-10T23:04:22+00:00\",\"description\":\"O Agreste em Foco \u00e9 mais que um blog de not\u00edcias, \u00e9 uma voz aut\u00eantica do Agreste, enraizada na ess\u00eancia da nossa comunidade.\",\"breadcrumb\":{\"@id\":\"https:\\\/\\\/agresteemfoco.com.br\\\/v1\\\/agreste-em-foco-mais-de-um-ano-de-informacao-regional-com-essencia-local\\\/#breadcrumb\"},\"inLanguage\":\"pt-BR\",\"potentialAction\":[{\"@type\":\"ReadAction\",\"target\":[\"https:\\\/\\\/agresteemfoco.com.br\\\/v1\\\/agreste-em-foco-mais-de-um-ano-de-informacao-regional-com-essencia-local\\\/\"]}]},{\"@type\":\"ImageObject\",\"inLanguage\":\"pt-BR\",\"@id\":\"https:\\\/\\\/agresteemfoco.com.br\\\/v1\\\/agreste-em-foco-mais-de-um-ano-de-informacao-regional-com-essencia-local\\\/#primaryimage\",\"url\":\"https:\\\/\\\/agresteemfoco.com.br\\\/v1\\\/wp-content\\\/uploads\\\/2023\\\/10\\\/logo-2.png\",\"contentUrl\":\"https:\\\/\\\/agresteemfoco.com.br\\\/v1\\\/wp-content\\\/uploads\\\/2023\\\/10\\\/logo-2.png\",\"width\":1423,\"height\":706,\"caption\":\"Logo do Blog de Not\u00edcias do Agreste de Pernambuco - Agreste em Foco\"},{\"@type\":\"BreadcrumbList\",\"@id\":\"https:\\\/\\\/agresteemfoco.com.br\\\/v1\\\/agreste-em-foco-mais-de-um-ano-de-informacao-regional-com-essencia-local\\\/#breadcrumb\",\"itemListElement\":[{\"@type\":\"ListItem\",\"position\":1,\"name\":\"In\u00edcio\",\"item\":\"https:\\\/\\\/agresteemfoco.com.br\\\/v1\\\/\"},{\"@type\":\"ListItem\",\"position\":2,\"name\":\"Agreste em Foco: Mais de um Ano de Informa\u00e7\u00e3o Regional com Ess\u00eancia Local\"}]},{\"@type\":\"WebSite\",\"@id\":\"https:\\\/\\\/agresteemfoco.com.br\\\/v1\\\/#website\",\"url\":\"https:\\\/\\\/agresteemfoco.com.br\\\/v1\\\/\",\"name\":\"Agreste em Foco\",\"description\":\"Site de not\u00edcias pol\u00edticas do Agreste de Pernambuco\",\"publisher\":{\"@id\":\"https:\\\/\\\/agresteemfoco.com.br\\\/v1\\\/#organization\"},\"potentialAction\":[{\"@type\":\"SearchAction\",\"target\":{\"@type\":\"EntryPoint\",\"urlTemplate\":\"https:\\\/\\\/agresteemfoco.com.br\\\/v1\\\/?s={search_term_string}\"},\"query-input\":{\"@type\":\"PropertyValueSpecification\",\"valueRequired\":true,\"valueName\":\"search_term_string\"}}],\"inLanguage\":\"pt-BR\"},{\"@type\":\"Organization\",\"@id\":\"https:\\\/\\\/agresteemfoco.com.br\\\/v1\\\/#organization\",\"name\":\"Agreste em Foco\",\"url\":\"https:\\\/\\\/agresteemfoco.com.br\\\/v1\\\/\",\"logo\":{\"@type\":\"ImageObject\",\"inLanguage\":\"pt-BR\",\"@id\":\"https:\\\/\\\/agresteemfoco.com.br\\\/v1\\\/#\\\/schema\\\/logo\\\/image\\\/\",\"url\":\"https:\\\/\\\/agresteemfoco.com.br\\\/v1\\\/wp-content\\\/uploads\\\/2023\\\/10\\\/logo-3-1.png\",\"contentUrl\":\"https:\\\/\\\/agresteemfoco.com.br\\\/v1\\\/wp-content\\\/uploads\\\/2023\\\/10\\\/logo-3-1.png\",\"width\":1423,\"height\":706,\"caption\":\"Agreste em Foco\"},\"image\":{\"@id\":\"https:\\\/\\\/agresteemfoco.com.br\\\/v1\\\/#\\\/schema\\\/logo\\\/image\\\/\"},\"sameAs\":[\"https:\\\/\\\/www.facebook.com\\\/agresteemfoco1\",\"https:\\\/\\\/www.instagram.com\\\/agresteemfoco01\\\/\"]}]}<\/script>\n<!-- \/ Yoast SEO plugin. -->","yoast_head_json":{"title":"Agreste em Foco: Informa\u00e7\u00e3o Regional com Ess\u00eancia Local","description":"O Agreste em Foco \u00e9 mais que um blog de not\u00edcias, \u00e9 uma voz aut\u00eantica do Agreste, enraizada na ess\u00eancia da nossa comunidade.","robots":{"index":"index","follow":"follow","max-snippet":"max-snippet:-1","max-image-preview":"max-image-preview:large","max-video-preview":"max-video-preview:-1"},"canonical":"https:\/\/agresteemfoco.com.br\/v1\/agreste-em-foco-mais-de-um-ano-de-informacao-regional-com-essencia-local\/","og_locale":"pt_BR","og_type":"article","og_title":"Agreste em Foco: Informa\u00e7\u00e3o Regional com Ess\u00eancia Local","og_description":"O Agreste em Foco \u00e9 mais que um blog de not\u00edcias, \u00e9 uma voz aut\u00eantica do Agreste, enraizada na ess\u00eancia da nossa comunidade.","og_url":"https:\/\/agresteemfoco.com.br\/v1\/agreste-em-foco-mais-de-um-ano-de-informacao-regional-com-essencia-local\/","og_site_name":"Agreste em Foco","article_publisher":"https:\/\/www.facebook.com\/agresteemfoco1","og_image":[{"width":1423,"height":706,"url":"https:\/\/agresteemfoco.com.br\/v1\/wp-content\/uploads\/2023\/10\/logo-2.png","type":"image\/png"}],"twitter_card":"summary_large_image","twitter_misc":{"Est. tempo de leitura":"1 minuto"},"schema":{"@context":"https:\/\/schema.org","@graph":[{"@type":"WebPage","@id":"https:\/\/agresteemfoco.com.br\/v1\/agreste-em-foco-mais-de-um-ano-de-informacao-regional-com-essencia-local\/","url":"https:\/\/agresteemfoco.com.br\/v1\/agreste-em-foco-mais-de-um-ano-de-informacao-regional-com-essencia-local\/","name":"Agreste em Foco: Informa\u00e7\u00e3o Regional com Ess\u00eancia Local","isPartOf":{"@id":"https:\/\/agresteemfoco.com.br\/v1\/#website"},"primaryImageOfPage":{"@id":"https:\/\/agresteemfoco.com.br\/v1\/agreste-em-foco-mais-de-um-ano-de-informacao-regional-com-essencia-local\/#primaryimage"},"image":{"@id":"https:\/\/agresteemfoco.com.br\/v1\/agreste-em-foco-mais-de-um-ano-de-informacao-regional-com-essencia-local\/#primaryimage"},"thumbnailUrl":"https:\/\/agresteemfoco.com.br\/v1\/wp-content\/uploads\/2023\/10\/logo-2.png","datePublished":"2023-11-10T23:04:22+00:00","description":"O Agreste em Foco \u00e9 mais que um blog de not\u00edcias, \u00e9 uma voz aut\u00eantica do Agreste, enraizada na ess\u00eancia da nossa comunidade.","breadcrumb":{"@id":"https:\/\/agresteemfoco.com.br\/v1\/agreste-em-foco-mais-de-um-ano-de-informacao-regional-com-essencia-local\/#breadcrumb"},"inLanguage":"pt-BR","potentialAction":[{"@type":"ReadAction","target":["https:\/\/agresteemfoco.com.br\/v1\/agreste-em-foco-mais-de-um-ano-de-informacao-regional-com-essencia-local\/"]}]},{"@type":"ImageObject","inLanguage":"pt-BR","@id":"https:\/\/agresteemfoco.com.br\/v1\/agreste-em-foco-mais-de-um-ano-de-informacao-regional-com-essencia-local\/#primaryimage","url":"https:\/\/agresteemfoco.com.br\/v1\/wp-content\/uploads\/2023\/10\/logo-2.png","contentUrl":"https:\/\/agresteemfoco.com.br\/v1\/wp-content\/uploads\/2023\/10\/logo-2.png","width":1423,"height":706,"caption":"Logo do Blog de Not\u00edcias do Agreste de Pernambuco - Agreste em Foco"},{"@type":"BreadcrumbList","@id":"https:\/\/agresteemfoco.com.br\/v1\/agreste-em-foco-mais-de-um-ano-de-informacao-regional-com-essencia-local\/#breadcrumb","itemListElement":[{"@type":"ListItem","position":1,"name":"In\u00edcio","item":"https:\/\/agresteemfoco.com.br\/v1\/"},{"@type":"ListItem","position":2,"name":"Agreste em Foco: Mais de um Ano de Informa\u00e7\u00e3o Regional com Ess\u00eancia Local"}]},{"@type":"WebSite","@id":"https:\/\/agresteemfoco.com.br\/v1\/#website","url":"https:\/\/agresteemfoco.com.br\/v1\/","name":"Agreste em Foco","description":"Site de not\u00edcias pol\u00edticas do Agreste de Pernambuco","publisher":{"@id":"https:\/\/agresteemfoco.com.br\/v1\/#organization"},"potentialAction":[{"@type":"SearchAction","target":{"@type":"EntryPoint","urlTemplate":"https:\/\/agresteemfoco.com.br\/v1\/?s={search_term_string}"},"query-input":{"@type":"PropertyValueSpecification","valueRequired":true,"valueName":"search_term_string"}}],"inLanguage":"pt-BR"},{"@type":"Organization","@id":"https:\/\/agresteemfoco.com.br\/v1\/#organization","name":"Agreste em Foco","url":"https:\/\/agresteemfoco.com.br\/v1\/","logo":{"@type":"ImageObject","inLanguage":"pt-BR","@id":"https:\/\/agresteemfoco.com.br\/v1\/#\/schema\/logo\/image\/","url":"https:\/\/agresteemfoco.com.br\/v1\/wp-content\/uploads\/2023\/10\/logo-3-1.png","contentUrl":"https:\/\/agresteemfoco.com.br\/v1\/wp-content\/uploads\/2023\/10\/logo-3-1.png","width":1423,"height":706,"caption":"Agreste em Foco"},"image":{"@id":"https:\/\/agresteemfoco.com.br\/v1\/#\/schema\/logo\/image\/"},"sameAs":["https:\/\/www.facebook.com\/agresteemfoco1","https:\/\/www.instagram.com\/agresteemfoco01\/"]}]}},"_links":{"self":[{"href":"https:\/\/agresteemfoco.com.br\/v1\/wp-json\/wp\/v2\/pages\/518","targetHints":{"allow":["GET"]}}],"collection":[{"href":"https:\/\/agresteemfoco.com.br\/v1\/wp-json\/wp\/v2\/pages"}],"about":[{"href":"https:\/\/agresteemfoco.com.br\/v1\/wp-json\/wp\/v2\/types\/page"}],"author":[{"embeddable":true,"href":"https:\/\/agresteemfoco.com.br\/v1\/wp-json\/wp\/v2\/users\/3"}],"replies":[{"embeddable":true,"href":"https:\/\/agresteemfoco.com.br\/v1\/wp-json\/wp\/v2\/comments?post=518"}],"version-history":[{"count":1,"href":"https:\/\/agresteemfoco.com.br\/v1\/wp-json\/wp\/v2\/pages\/518\/revisions"}],"predecessor-version":[{"id":519,"href":"https:\/\/agresteemfoco.com.br\/v1\/wp-json\/wp\/v2\/pages\/518\/revisions\/519"}],"wp:featuredmedia":[{"embeddable":true,"href":"https:\/\/agresteemfoco.com.br\/v1\/wp-json\/wp\/v2\/media\/254"}],"wp:attachment":[{"href":"https:\/\/agresteemfoco.com.br\/v1\/wp-json\/wp\/v2\/media?parent=518"}],"curies":[{"name":"wp","href":"https:\/\/api.w.org\/{rel}","templated":true}]}}